{"id":773,"date":"2021-11-12T16:32:47","date_gmt":"2021-11-12T16:32:47","guid":{"rendered":"https:\/\/aiace.server1.indev.be\/vision-et-objectifs\/"},"modified":"2022-08-30T19:03:56","modified_gmt":"2022-08-30T19:03:56","slug":"assemblee-generale","status":"publish","type":"page","link":"https:\/\/aiace.server1.indev.be\/fr\/assemblee-generale\/","title":{"rendered":"Assembl\u00e9e G\u00e9n\u00e9rale"},"content":{"rendered":"","protected":false},"excerpt":{"rendered":"","protected":false},"author":1,"featured_media":837,"parent":0,"menu_order":26,"comment_status":"closed","ping_status":"closed","template":"","meta":[],"acf":[],"_links":{"self":[{"href":"https:\/\/aiace.server1.indev.be\/fr\/wp-json\/wp\/v2\/pages\/773"}],"collection":[{"href":"https:\/\/aiace.server1.indev.be\/fr\/wp-json\/wp\/v2\/pages"}],"about":[{"href":"https:\/\/aiace.server1.indev.be\/fr\/wp-json\/wp\/v2\/types\/page"}],"author":[{"embeddable":true,"href":"https:\/\/aiace.server1.indev.be\/fr\/wp-json\/wp\/v2\/users\/1"}],"replies":[{"embeddable":true,"href":"https:\/\/aiace.server1.indev.be\/fr\/wp-json\/wp\/v2\/comments?post=773"}],"version-history":[{"count":4,"href":"https:\/\/aiace.server1.indev.be\/fr\/wp-json\/wp\/v2\/pages\/773\/revisions"}],"predecessor-version":[{"id":12225,"href":"https:\/\/aiace.server1.indev.be\/fr\/wp-json\/wp\/v2\/pages\/773\/revisions\/12225"}],"wp:featuredmedia":[{"embeddable":true,"href":"https:\/\/aiace.server1.indev.be\/fr\/wp-json\/wp\/v2\/media\/837"}],"wp:attachment":[{"href":"https:\/\/aiace.server1.indev.be\/fr\/wp-json\/wp\/v2\/media?parent=773"}],"curies":[{"name":"wp","href":"https:\/\/api.w.org\/{rel}","templated":true}]}}