{"id":2076,"date":"2022-01-19T15:10:52","date_gmt":"2022-01-19T15:10:52","guid":{"rendered":"https:\/\/aiace.server1.indev.be\/conditions-generales\/"},"modified":"2022-03-18T16:42:22","modified_gmt":"2022-03-18T16:42:22","slug":"gestion-des-cookies","status":"publish","type":"page","link":"https:\/\/aiace.server1.indev.be\/fr\/gestion-des-cookies\/","title":{"rendered":"Gestion des cookies"},"content":{"rendered":"\n<p>Pour assurer le bon fonctionnement de ce site, nous devons parfois enregistrer de petits fichiers de donn\u00e9es sur l\u2019\u00e9quipement de nos utilisateurs. La plupart des grands sites web font de m\u00eame.<\/p>\n\n\n\n<h2>Qu'est ce qu'un cookie ?<\/h2>\n\n\n\n<p>Un cookie est un petit fichier texte que les sites web sauvegardent sur votre ordinateur ou appareil mobile lorsque vous les consultez. Il permet \u00e0 ces sites de m\u00e9moriser vos actions et pr\u00e9f\u00e9rences (nom d\u2019utilisateur, langue, taille des caract\u00e8res et autres param\u00e8tres d\u2019affichage) pendant un temps donn\u00e9, pour que vous n\u2019ayez pas \u00e0 r\u00e9indiquer ces informations \u00e0 chaque fois que vous consultez ces sites ou naviguez d\u2019une page \u00e0 une autre.<\/p>\n\n\n\n<h2>Comment utilisons-nous les cookies ?<\/h2>\n\n\n\n<p>Certaines de nos pages utilisent des cookies afin de m\u00e9moriser vos pr\u00e9f\u00e9rences d\u2019affichage, comme le contraste et la taille des caract\u00e8res.<br>Ces cookies ne sont pas indispensables au fonctionnement du site, mais ils facilitent votre navigation. Vous pouvez les bloquer ou les supprimer, mais vous risquez alors d\u2019emp\u00eacher le bon fonctionnement de certains \u00e9l\u00e9ments du site.<br>Les informations contenues dans les cookies <strong>ne visent pas \u00e0 vous identifier personnellement.<\/strong><\/p>\n\n\n\n<h2>Utilisons-nous d'autres cookies ?<\/h2>\n\n\n\n<p>Certaines pages ou sous-sites utilisent d\u2019autres cookies que ceux d\u00e9crits ici. Dans ce cas, ces cookies sont d\u00e9crits dans un avis sp\u00e9cifique. Il est possible que vous deviez donner votre accord pour qu\u2019ils soient stock\u00e9s.<\/p>\n\n\n\n<h2>Comment contr\u00f4ler les cookies<\/h2>\n\n\n\n<p><strong>Vous pouvez contr\u00f4ler et\/ou supprimer des cookies<\/strong> comme vous le souhaitez. Pour en savoir plus, consultez le site <a href=\"http:\/\/www.aboutcookies.org\" target=\"_blank\" rel=\"noreferrer noopener\">http:\/\/www.aboutcookies.org<\/a>. Vous avez la possibilit\u00e9 de supprimer tous les cookies d\u00e9j\u00e0 stock\u00e9s sur votre ordinateur et de configurer la plupart des navigateurs pour qu\u2019ils les bloquent. Toutefois, dans ce cas, vous devrez peut-\u00eatre indiquer vous-m\u00eames certaines pr\u00e9f\u00e9rences chaque fois que vous vous rendrez sur un site, et certains services et fonctionnalit\u00e9s risquent de ne pas \u00eatre accessibles.<\/p>\n\n\n\n<p>(Source : <a rel=\"noreferrer noopener\" href=\"http:\/\/europa.eu\/cookies\/index_fr.htm\" target=\"_blank\">http:\/\/europa.eu\/cookies\/index_fr.htm<\/a>)<\/p>\n\n\n\n<div style=\"height:64px\" aria-hidden=\"true\" class=\"wp-block-spacer\"><\/div>\n\n\n\n<h2>Avertissement<\/h2>\n\n\n\n<p>Toutes les informations publi\u00e9es sur le site de l\u2019AIACE sont puis\u00e9es aux sources les plus fiables, mais ne sauraient engager la responsabilit\u00e9 de l\u2019Association, sauf s\u2019il s\u2019agit d\u2019articles sign\u00e9s par l\u2019un de ses repr\u00e9sentants officiels. Elles sont libres de reproduction, sauf sp\u00e9cification contraire, \u00e0 condition d\u2019en pr\u00e9ciser l\u2019origine.<\/p>\n\n\n\n<p>Notre objectif est de diffuser des informations exactes et \u00e0 jour. Cependant, nos informations ne constituent pas un avis professionnel ou juridique. Si vous avez besoin d\u2019avis sp\u00e9cifiques, consultez toujours le Service ad\u00e9quat aupr\u00e8s des Institutions europ\u00e9ennes.<\/p>\n\n\n\n<p>Nous nous efforcerons de corriger les erreurs qui nous seront signal\u00e9es.<br>Contact: <a href=\"mailto:aiace-int@ec.europa.eu\">aiace-int@ec.europa.eu<\/a><\/p>\n","protected":false},"excerpt":{"rendered":"<p>Pour assurer le bon fonctionnement de ce site, nous devons parfois enregistrer...<\/p>\n","protected":false},"author":1,"featured_media":2678,"parent":0,"menu_order":17,"comment_status":"closed","ping_status":"closed","template":"","meta":[],"acf":[],"_links":{"self":[{"href":"https:\/\/aiace.server1.indev.be\/fr\/wp-json\/wp\/v2\/pages\/2076"}],"collection":[{"href":"https:\/\/aiace.server1.indev.be\/fr\/wp-json\/wp\/v2\/pages"}],"about":[{"href":"https:\/\/aiace.server1.indev.be\/fr\/wp-json\/wp\/v2\/types\/page"}],"author":[{"embeddable":true,"href":"https:\/\/aiace.server1.indev.be\/fr\/wp-json\/wp\/v2\/users\/1"}],"replies":[{"embeddable":true,"href":"https:\/\/aiace.server1.indev.be\/fr\/wp-json\/wp\/v2\/comments?post=2076"}],"version-history":[{"count":3,"href":"https:\/\/aiace.server1.indev.be\/fr\/wp-json\/wp\/v2\/pages\/2076\/revisions"}],"predecessor-version":[{"id":2835,"href":"https:\/\/aiace.server1.indev.be\/fr\/wp-json\/wp\/v2\/pages\/2076\/revisions\/2835"}],"wp:featuredmedia":[{"embeddable":true,"href":"https:\/\/aiace.server1.indev.be\/fr\/wp-json\/wp\/v2\/media\/2678"}],"wp:attachment":[{"href":"https:\/\/aiace.server1.indev.be\/fr\/wp-json\/wp\/v2\/media?parent=2076"}],"curies":[{"name":"wp","href":"https:\/\/api.w.org\/{rel}","templated":true}]}}