{"id":2842,"date":"2022-01-19T15:10:52","date_gmt":"2022-01-19T15:10:52","guid":{"rendered":"https:\/\/aiace.server1.indev.be\/cookie-management\/"},"modified":"2022-03-18T16:42:42","modified_gmt":"2022-03-18T16:42:42","slug":"cookie-verwaltung","status":"publish","type":"page","link":"https:\/\/aiace.server1.indev.be\/de\/cookie-verwaltung\/","title":{"rendered":"Cookie-Verwaltung"},"content":{"rendered":"\n<p>Damit dieser Internetauftritt ordnungsgem\u00e4\u00df funktioniert, legen wir manchmal kleine Dateien \u2013 sogenannte Cookies \u2013 auf Ihrem Ger\u00e4t ab. Das ist bei den meisten gro\u00dfen Websites \u00fcblich.<\/p>\n\n\n\n<h2>Was sind Cookies ?<\/h2>\n\n\n\n<p>Ein Cookie ist eine kleine Textdatei, die eine Webseite auf Ihrem Rechner, Tablet-Computer oder Smartphone hinterl\u00e4sst, wenn Sie sie besuchen. So kann sich die Webseite bestimmte Eingaben und Einstellungen (z. B. Login, Sprache, Schriftgr\u00f6\u00dfe und andere Anzeigepr\u00e4ferenzen) \u00fcber einen bestimmten Zeitraum \u201emerken\u201c, und Sie brauchen diese nicht bei jedem weiteren Besuch und beim Navigieren auf der Seite erneut vorzunehmen.<\/p>\n\n\n\n<h2>Wie setzen wir Cookies ein ?<\/h2>\n\n\n\n<p>Auf unseren Seiten verwenden wir Cookies zur Speicherung Ihrer Vorlieben bei der Bildschirmanzeige, z. B. Kontrast und Schriftgr\u00f6\u00dfe.<br>Das Akzeptieren von Cookies ist zwar f\u00fcr die Nutzung des Internetauftrittes nicht unbedingt erforderlich, macht das Surfen aber angenehmer. Sie k\u00f6nnen Cookies blockieren oder l\u00f6schen \u2013 das kann jedoch einige Funktionen dieses Auftrittes beeintr\u00e4chtigen.<br>Die mit Hilfe von Cookies erhobenen Informationen werden nicht dazu genutzt, Sie zu identifizieren.<\/p>\n\n\n\n<h2>Werden auch andere Cookies verwendet ?<\/h2>\n\n\n\n<p>Auf einigen unserer Seiten oder Unterseiten k\u00f6nnen zus\u00e4tzliche oder andere Cookies als oben beschrieben zum Einsatz kommen. Gegebenenfalls werden deren Eigenschaften in einem speziellen Hinweis angegeben und Ihre Zustimmung zu deren Speicherung eingeholt.<\/p>\n\n\n\n<h2>Kontrolle \u00fcber Cookies<\/h2>\n\n\n\n<p>Sie k\u00f6nnen Cookies nach Belieben steuern und\/oder l\u00f6schen. Wie, erfahren Sie hier: <a href=\"http:\/\/aboutcookies.org\" data-type=\"URL\" data-id=\"aboutcookies.org\" target=\"_blank\" rel=\"noreferrer noopener\">aboutcookies.org<\/a>. Sie k\u00f6nnen alle auf Ihrem Rechner abgelegten Cookies l\u00f6schen und die meisten Browser so einstellen, dass die Ablage von Cookies verhindert wird. Dann m\u00fcssen Sie aber m\u00f6glicherweise einige Einstellungen bei jedem Besuch einer Seite manuell vornehmen und die Beeintr\u00e4chtigung mancher Funktionen in Kauf nehmen.<\/p>\n\n\n\n<p>(Quelle: <a href=\"http:\/\/europa.eu\/cookies\/index_de.htm\" target=\"_blank\" rel=\"noreferrer noopener\">http:\/\/europa.eu\/cookies\/index_de.htm<\/a>)<\/p>\n\n\n\n<div style=\"height:64px\" aria-hidden=\"true\" class=\"wp-block-spacer\"><\/div>\n\n\n\n<h2>Warnung<\/h2>\n\n\n\n<p>Alle auf der AIACE-Website ver\u00f6ffentlichten Informationen stammen aus den zuverl\u00e4ssigsten Quellen, aber die Vereinigung kann nicht haftbar gemacht werden, au\u00dfer im Fall von Artikeln, die von einem ihrer offiziellen Vertreter unterzeichnet wurden. Sie d\u00fcrfen, sofern nicht anders angegeben, frei vervielf\u00e4ltigt werden, sofern die Herkunft angegeben wird.<\/p>\n\n\n\n<p>Unser Ziel ist es, genaue und aktuelle Informationen bereitzustellen. Unsere Informationen stellen jedoch keine professionelle oder rechtliche Beratung dar. Wenn Sie spezielle Beratung ben\u00f6tigen, wenden Sie sich immer an die zust\u00e4ndige Dienststelle der europ\u00e4ischen Institutionen.<\/p>\n\n\n\n<p>Wir werden unser Bestes tun, um uns zur Kenntnis gebrachte Fehler zu korrigieren.<br>Kontakt: <a href=\"mailto:aiace-int@ec.europa.eu\">aiace-int@ec.europa.eu<\/a><\/p>\n","protected":false},"excerpt":{"rendered":"<p>Damit dieser Internetauftritt ordnungsgem\u00e4\u00df funktioniert, legen wir manchmal kleine Dateien \u2013 sogenannte...<\/p>\n","protected":false},"author":1,"featured_media":2679,"parent":0,"menu_order":19,"comment_status":"closed","ping_status":"closed","template":"","meta":[],"acf":[],"_links":{"self":[{"href":"https:\/\/aiace.server1.indev.be\/de\/wp-json\/wp\/v2\/pages\/2842"}],"collection":[{"href":"https:\/\/aiace.server1.indev.be\/de\/wp-json\/wp\/v2\/pages"}],"about":[{"href":"https:\/\/aiace.server1.indev.be\/de\/wp-json\/wp\/v2\/types\/page"}],"author":[{"embeddable":true,"href":"https:\/\/aiace.server1.indev.be\/de\/wp-json\/wp\/v2\/users\/1"}],"replies":[{"embeddable":true,"href":"https:\/\/aiace.server1.indev.be\/de\/wp-json\/wp\/v2\/comments?post=2842"}],"version-history":[{"count":2,"href":"https:\/\/aiace.server1.indev.be\/de\/wp-json\/wp\/v2\/pages\/2842\/revisions"}],"predecessor-version":[{"id":2845,"href":"https:\/\/aiace.server1.indev.be\/de\/wp-json\/wp\/v2\/pages\/2842\/revisions\/2845"}],"wp:featuredmedia":[{"embeddable":true,"href":"https:\/\/aiace.server1.indev.be\/de\/wp-json\/wp\/v2\/media\/2679"}],"wp:attachment":[{"href":"https:\/\/aiace.server1.indev.be\/de\/wp-json\/wp\/v2\/media?parent=2842"}],"curies":[{"name":"wp","href":"https:\/\/api.w.org\/{rel}","templated":true}]}}